{"id":306,"date":"2012-03-29T07:16:36","date_gmt":"2012-03-29T07:16:36","guid":{"rendered":"http:\/\/www.cfjmbiblestudies.com\/?page_id=306"},"modified":"2013-01-21T23:16:19","modified_gmt":"2013-01-21T23:16:19","slug":"testimonials","status":"publish","type":"page","link":"https:\/\/www.de.cfjmbiblestudies.com\/?page_id=306","title":{"rendered":"Referenzen"},"content":{"rendered":"<p>Ich begann die Bibelstudien vor 12 Jahren zu verwenden, als ich eine Mutter mit kleinen Kindern zu Hause war und Weisheit, Kraft und Freundlichkeit f\u00fcr jeden Tag (jede Minute!) brauchte. Ich bin nicht in der Kirche aufgewachsen, so gab mir dieses Studium ein gro\u00dfartiges Fundament im Alten und Neuen Testament der Bibel. Die zum Nachdenken anregenden Fragen bef\u00e4higten mich tiefer in das Wort Gottes zu graben und meinen Glauben in allt\u00e4glichen Situationen anzuwenden. Ich bin so dankbar f\u00fcr die Art und Weise, wie der Herr sein Wort in diesem Studium gebraucht hat, um meinen Geist zu s\u00e4ttigen und mich in den verschiedenen Situationen zu ermutigen, mit denen ich in dieser Phase meines Lebens konfrontiert war.<\/p>\n<p><em>Daisy M.<\/em><\/p>\n<p>&nbsp;<\/p>\n<p>Ein Dienstagmorgen Bibelstudium mit Frauen war der H\u00f6hepunkt meines Lebens f\u00fcr viele meiner 91 Jahre. Wir haben diese Studienmaterialien effektiv genutzt, die uns anleiteten die vorgeschlagenen Textstellen zu lesen, mit anderen Stellen zu vergleichen und dann Zeit zum Nachdenken zu nehmen, was Gott uns pers\u00f6nlich lehren m\u00f6chte. Mit anderen zu lernen und im Glauben zu wachsen hat bewiesen, dass das Wort Gottes lebendig und aktiv ist. Preist den Herrn.<\/p>\n<p><em>Jeanne M.<\/em><\/p>\n<p>&nbsp;<\/p>\n<p>&nbsp;<\/p>\n","protected":false},"excerpt":{"rendered":"<p>Ich begann die Bibelstudien vor 12 Jahren zu verwenden, als ich eine Mutter mit kleinen Kindern zu Hause war und Weisheit, Kraft und Freundlichkeit f\u00fcr jeden Tag (jede Minute!) brauchte. Ich bin nicht in der Kirche aufgewachsen, so gab mir dieses Studium ein gro\u00dfartiges Fundament im Alten und Neuen Testament der Bibel. Die zum Nachdenken anregenden Fragen bef\u00e4higten mich tiefer in das Wort Gottes zu graben und meinen Glauben in&nbsp;<a href=\"https:\/\/www.de.cfjmbiblestudies.com\/?page_id=306\" class=\"read-more\">Continue Reading<\/a><\/p>\n","protected":false},"author":1,"featured_media":0,"parent":0,"menu_order":0,"comment_status":"open","ping_status":"open","template":"page-fullwidth.php","meta":{"footnotes":""},"class_list":["post-306","page","type-page","status-publish","hentry"],"_links":{"self":[{"href":"https:\/\/www.de.cfjmbiblestudies.com\/index.php?rest_route=\/wp\/v2\/pages\/306","targetHints":{"allow":["GET"]}}],"collection":[{"href":"https:\/\/www.de.cfjmbiblestudies.com\/index.php?rest_route=\/wp\/v2\/pages"}],"about":[{"href":"https:\/\/www.de.cfjmbiblestudies.com\/index.php?rest_route=\/wp\/v2\/types\/page"}],"author":[{"embeddable":true,"href":"https:\/\/www.de.cfjmbiblestudies.com\/index.php?rest_route=\/wp\/v2\/users\/1"}],"replies":[{"embeddable":true,"href":"https:\/\/www.de.cfjmbiblestudies.com\/index.php?rest_route=%2Fwp%2Fv2%2Fcomments&post=306"}],"version-history":[{"count":7,"href":"https:\/\/www.de.cfjmbiblestudies.com\/index.php?rest_route=\/wp\/v2\/pages\/306\/revisions"}],"predecessor-version":[{"id":496,"href":"https:\/\/www.de.cfjmbiblestudies.com\/index.php?rest_route=\/wp\/v2\/pages\/306\/revisions\/496"}],"wp:attachment":[{"href":"https:\/\/www.de.cfjmbiblestudies.com\/index.php?rest_route=%2Fwp%2Fv2%2Fmedia&parent=306"}],"curies":[{"name":"wp","href":"https:\/\/api.w.org\/{rel}","templated":true}]}}